{"id":101,"date":"2021-02-14T13:37:15","date_gmt":"2021-02-14T12:37:15","guid":{"rendered":"http:\/\/cheast.online\/?page_id=101"},"modified":"2022-07-01T12:00:19","modified_gmt":"2022-07-01T11:00:19","slug":"partner","status":"publish","type":"page","link":"https:\/\/cheast.online\/en\/home\/partner\/","title":{"rendered":"PARTNER"},"content":{"rendered":"<div class=\"wp-block-media-text alignwide is-stacked-on-mobile is-image-fill is-style-twentytwentyone-border\"><figure class=\"wp-block-media-text__media\" style=\"background-image:url(https:\/\/cheast.online\/wp-content\/uploads\/2022\/03\/queu-1024x768.png);background-position:50% 81%\"><img loading=\"lazy\" width=\"1024\" height=\"768\" src=\"https:\/\/cheast.online\/wp-content\/uploads\/2022\/03\/queu-1024x768.png\" alt=\"\" class=\"wp-image-1829 size-full\" srcset=\"https:\/\/cheast.online\/wp-content\/uploads\/2022\/03\/queu-1024x768.png 1024w, https:\/\/cheast.online\/wp-content\/uploads\/2022\/03\/queu-300x225.png 300w, https:\/\/cheast.online\/wp-content\/uploads\/2022\/03\/queu-768x576.png 768w, https:\/\/cheast.online\/wp-content\/uploads\/2022\/03\/queu-1536x1151.png 1536w, https:\/\/cheast.online\/wp-content\/uploads\/2022\/03\/queu-500x375.png 500w, https:\/\/cheast.online\/wp-content\/uploads\/2022\/03\/queu-800x600.png 800w, https:\/\/cheast.online\/wp-content\/uploads\/2022\/03\/queu-1280x959.png 1280w, https:\/\/cheast.online\/wp-content\/uploads\/2022\/03\/queu-1920x1439.png 1920w, https:\/\/cheast.online\/wp-content\/uploads\/2022\/03\/queu-1568x1175.png 1568w, https:\/\/cheast.online\/wp-content\/uploads\/2022\/03\/queu.png 2048w\" sizes=\"(max-width: 1024px) 100vw, 1024px\" \/><\/figure><div class=\"wp-block-media-text__content\">\n<p class=\"has-large-font-size\">Wir bieten deinem Unternehmen eine schl\u00fcsselfertige L\u00f6sung f\u00fcr effizientes, professionelles und individuelles Marketing, um deine Abs\u00e4tze zu vervielfachen! Und du musst daf\u00fcr nicht einmal in Vorleistung gehen!<\/p>\n<\/div><\/div>\n\n\n\n<div style=\"height:20px\" aria-hidden=\"true\" class=\"wp-block-spacer\"><\/div>\n\n\n\n<h2 class=\"has-text-align-center\">CHEAST<\/h2>\n\n\n\n<h2 class=\"has-text-align-center margin-bottom-zero has-large-font-size\">CHEAP<\/h2>\n\n\n\n<p class=\"has-text-align-center margin-top-zero\">Geringe Marketingkosten: Ich gebe eine minimale Kommission im Gegenzug f\u00fcr maximale virale Reichweite ab. Und das nur auf verkaufte Artikel, ich muss also nicht in Vorleistung gehen!<\/p>\n\n\n\n<h2 class=\"has-text-align-center margin-bottom-zero has-large-font-size\">EASY<\/h2>\n\n\n\n<p class=\"has-text-align-center margin-top-zero\">Nutze unsere Eingabemaske: Du brauchst lediglich ein paar Angaben zu dir, deinem Unternehmen und dem Deal angeben und wir \u00fcbernehmen alles Weitere f\u00fcr dich!<\/p>\n\n\n\n<h2 class=\"has-text-align-center margin-bottom-zero has-large-font-size\">FAST<\/h2>\n\n\n\n<p class=\"has-text-align-center margin-top-zero\">Weniger als 5 Minuten bis zum Deal: Erstelle deinen Deal innerhalb weniger Minuten!<\/p>\n\n\n\n<div style=\"height:20px\" aria-hidden=\"true\" class=\"wp-block-spacer\"><\/div>\n\n\n\n<h2 class=\"has-text-align-center\"> Was bietet CHEAST f\u00fcr mich als Unternehmer\/Partner?<\/h2>\n\n\n\n<div class=\"wp-block-group\"><div class=\"wp-block-group__inner-container\">\n<p class=\"has-text-align-center\"><strong>Geringe Marketingkosten<\/strong><br>Ich gebe eine minimale Kommission im Gegenzug f\u00fcr maximale virale Reichweite ab. Und das nur auf verkaufte Artikel, ich muss also nicht in Vorleistung gehen!<\/p>\n\n\n\n<p class=\"has-text-align-center\"><strong>Effizientes, professionelles und individuelles Marketing<br><\/strong>Ich spezifiziere meine pers\u00f6nlichen Anforderungen\/Bedingungen, die eine Instagram-Story erf\u00fcllen muss, um dem User eine R\u00fcckerstattung zu garantieren, \u00fcber das <a href=\"https:\/\/cheast.online\/en\/home\/partner\/deal-erstellen\/\">Formular<\/a> auf der CHEAST-Website. Ich kann selbst bestimmen, welche Markierungen und Verlinkungen, Hashtags #, Standorte und direkte Links zu meinem Unternehmen \u00fcber die @-Funktion auf Instagram die User teilen sollen.<\/p>\n\n\n\n<p class=\"has-text-align-center\"><strong>Virale Freundschaftsempfehlung \u00fcber Instagram<\/strong><br> Eine immense Reichweite\/Sichtbarkeit meiner Werbung wird mir garantiert, da Instagram DIE Werbe-Plattform schlechthin ist. Da ich keine Influencer bezahle, sondern Durchschnitts-Instagrammer f\u00fcr deren Empfehlungen belohne, reduziere ich nicht nur meine Werbeausgaben um ein Vielfaches\u2026 Ich kann auch sicher sein, dass die Kunden von meinem Produkt wirklich \u00fcberzeugt sind. Exakt dies wissen auch deren Freunde und die Kaufwahrscheinlichkeit steigt dadurch um ein Vielfaches.<\/p>\n\n\n\n<p class=\"has-text-align-center\"><strong>Pr\u00e4senz zeigen<br><\/strong>Die Welt soll wissen, dass mein Gesch\u00e4ft der Pandemie getrotzt hat und ich immer noch da bin!<\/p>\n\n\n\n<p class=\"has-text-align-center\"><strong>Kunden besuchen mein Gesch\u00e4ft<br><\/strong>Da die Kunden den Deal nur in meinem Laden einl\u00f6sen k\u00f6nnen und nicht online, kann ich auch in pers\u00f6nlichen Kontakt mit ihnen treten.<\/p>\n\n\n\n<p class=\"has-text-align-center\"><strong>Schl\u00fcsselfertige L\u00f6sung<br><\/strong>CHEAST k\u00fcmmert sich um alles und ich gebe nur dann eine geringe Kommission ab, wenn die Kunden meine Dienstleistungen in Anspruch nehmen bzw. meine Produkte kaufen.<\/p>\n\n\n\n<p class=\"has-text-align-center\"><strong>Nachvollziehbar und sicher<br><\/strong>Ich kann jederzeit detaillierte Aufstellungen \u00fcber meine Verk\u00e4ufe, Reichweite und andere Kennzahlen einsehen und analysieren.<\/p>\n<\/div><\/div>\n\n\n\n<div style=\"height:5px\" aria-hidden=\"true\" class=\"wp-block-spacer\"><\/div>\n\n\n\n<div class=\"wp-block-buttons is-content-justification-center\">\n<div class=\"wp-block-button is-style-outline\"><a class=\"wp-block-button__link\" href=\"https:\/\/cheast.online\/en\/home\/partner\/partner-anleitung\/\">Wie erstelle ich einen Deal?<\/a><\/div>\n<\/div>\n\n\n\n<div style=\"height:50px\" aria-hidden=\"true\" class=\"wp-block-spacer\"><\/div>\n\n\n\n<hr class=\"wp-block-separator alignwide is-style-twentytwentyone-separator-thick\"\/>\n\n\n\n<h3>Das Beste:<\/h3>\n\n\n\n<p> <strong>Ich zahle f\u00fcr diese effiziente Form des Marketings nur, wenn ich auch etwas verkaufe und muss somit nicht in Vorleistung gehen.<\/strong> Au\u00dferdem spare ich mir sehr viel Geld, das ich f\u00fcr wichtige Investitionen verwenden kann. CHEAST k\u00fcmmert sich h\u00f6chstprofessionell um die gesamte Abwicklung, hilft mir dabei mein Gesch\u00e4ft mittels profunden Analysen zu optimieren, und ist auf eine langj\u00e4hrige Partnerschaft mit mir aus. <\/p>\n\n\n\n<hr class=\"wp-block-separator alignwide is-style-twentytwentyone-separator-thick\"\/>","protected":false},"excerpt":{"rendered":"<p>Wir bieten deinem Unternehmen eine schl\u00fcsselfertige L\u00f6sung f\u00fcr effizientes, professionelles und individuelles Marketing, um deine Abs\u00e4tze zu vervielfachen! Und du musst daf\u00fcr nicht einmal in Vorleistung gehen! CHEAST CHEAP Geringe Marketingkosten: Ich gebe eine minimale Kommission im Gegenzug f\u00fcr maximale virale Reichweite ab. Und das nur auf verkaufte Artikel, ich muss also nicht in Vorleistung&hellip; <a class=\"more-link\" href=\"https:\/\/cheast.online\/en\/home\/partner\/\">Continue reading <span class=\"screen-reader-text\">PARTNER<\/span><\/a><\/p>","protected":false},"author":1,"featured_media":0,"parent":96,"menu_order":0,"comment_status":"closed","ping_status":"closed","template":"","meta":{"_monsterinsights_skip_tracking":false,"_monsterinsights_sitenote_active":false,"_monsterinsights_sitenote_note":"","_monsterinsights_sitenote_category":0},"featured_image_urls":{"full":"","thumbnail":"","medium":"","medium_large":"","large":"","1536x1536":"","2048x2048":"","trp-custom-language-flag":"","post-thumbnail":""},"post_excerpt_stackable":"<p>Wir bieten deinem Unternehmen eine schl\u00fcsselfertige L\u00f6sung f\u00fcr effizientes, professionelles und individuelles Marketing, um deine Abs\u00e4tze zu vervielfachen! Und du musst daf\u00fcr nicht einmal in Vorleistung gehen! CHEAST CHEAP Geringe Marketingkosten: Ich gebe eine minimale Kommission im Gegenzug f\u00fcr maximale virale Reichweite ab. Und das nur auf verkaufte Artikel, ich muss also nicht in Vorleistung gehen! EASY Nutze unsere Eingabemaske: Du brauchst lediglich ein paar Angaben zu dir, deinem Unternehmen und dem Deal angeben und wir \u00fcbernehmen alles Weitere f\u00fcr dich! FAST Weniger als 5 Minuten bis zum Deal: Erstelle deinen Deal innerhalb weniger Minuten! Was bietet CHEAST f\u00fcr mich&hellip;<\/p>\n","category_list":"","author_info":{"name":"Maximilian","url":"https:\/\/cheast.online\/en\/author\/admin\/"},"comments_num":"0 comments","featured_image_urls_v2":{"full":"","thumbnail":"","medium":"","medium_large":"","large":"","1536x1536":"","2048x2048":"","trp-custom-language-flag":"","post-thumbnail":""},"post_excerpt_stackable_v2":"<p>Wir bieten deinem Unternehmen eine schl\u00fcsselfertige L\u00f6sung f\u00fcr effizientes, professionelles und individuelles Marketing, um deine Abs\u00e4tze zu vervielfachen! Und du musst daf\u00fcr nicht einmal in Vorleistung gehen! CHEAST CHEAP Geringe Marketingkosten: Ich gebe eine minimale Kommission im Gegenzug f\u00fcr maximale virale Reichweite ab. Und das nur auf verkaufte Artikel, ich muss also nicht in Vorleistung gehen! EASY Nutze unsere Eingabemaske: Du brauchst lediglich ein paar Angaben zu dir, deinem Unternehmen und dem Deal angeben und wir \u00fcbernehmen alles Weitere f\u00fcr dich! FAST Weniger als 5 Minuten bis zum Deal: Erstelle deinen Deal innerhalb weniger Minuten! Was bietet CHEAST f\u00fcr mich&hellip;<\/p>\n","category_list_v2":"","author_info_v2":{"name":"Maximilian","url":"https:\/\/cheast.online\/en\/author\/admin\/"},"comments_num_v2":"0 comments","yoast_head":"<!-- This site is optimized with the Yoast SEO plugin v19.4 - https:\/\/yoast.com\/wordpress\/plugins\/seo\/ -->\n<title>Cheast Partner -\u00a0Generiere Neukunden, ohne Ausgaben<\/title>\n<meta name=\"description\" content=\"Du willst Neukunden generieren und deine Ausgaben minimieren? Dann lass&#039; uns deinen Laden mit schl\u00fcsselfertigem, hocheffizientem Marketing aufpeppen!\" \/>\n<meta name=\"robots\" content=\"index, follow, max-snippet:-1, max-image-preview:large, max-video-preview:-1\" \/>\n<link rel=\"canonical\" href=\"https:\/\/cheast.online\/en\/home\/partner\/\" \/>\n<meta property=\"og:locale\" content=\"en_US\" \/>\n<meta property=\"og:type\" content=\"article\" \/>\n<meta property=\"og:title\" content=\"Cheast Partner -\u00a0Generiere Neukunden, ohne Ausgaben\" \/>\n<meta property=\"og:description\" content=\"Du willst Neukunden generieren und deine Ausgaben minimieren? Dann lass&#039; uns deinen Laden mit schl\u00fcsselfertigem, hocheffizientem Marketing aufpeppen!\" \/>\n<meta property=\"og:url\" content=\"https:\/\/cheast.online\/en\/home\/partner\/\" \/>\n<meta property=\"og:site_name\" content=\"CHEAST\" \/>\n<meta property=\"article:modified_time\" content=\"2022-07-01T11:00:19+00:00\" \/>\n<meta property=\"og:image\" content=\"https:\/\/cheast.online\/wp-content\/uploads\/2022\/03\/queu-1024x768.png\" \/>\n<meta name=\"twitter:card\" content=\"summary_large_image\" \/>\n<meta name=\"twitter:label1\" content=\"Est. reading time\" \/>\n\t<meta name=\"twitter:data1\" content=\"3 minutes\" \/>\n<script type=\"application\/ld+json\" class=\"yoast-schema-graph\">{\"@context\":\"https:\/\/schema.org\",\"@graph\":[{\"@type\":\"Organization\",\"@id\":\"https:\/\/cheast.online\/#organization\",\"name\":\"CHEAST\",\"url\":\"https:\/\/cheast.online\/\",\"sameAs\":[\"https:\/\/instagram.com\/cheast.online\"],\"logo\":{\"@type\":\"ImageObject\",\"inLanguage\":\"en-US\",\"@id\":\"https:\/\/cheast.online\/#\/schema\/logo\/image\/\",\"url\":\"https:\/\/cheast.online\/wp-content\/uploads\/2021\/05\/cropped-cheast_only_dark-1.png\",\"contentUrl\":\"https:\/\/cheast.online\/wp-content\/uploads\/2021\/05\/cropped-cheast_only_dark-1.png\",\"width\":500,\"height\":500,\"caption\":\"CHEAST\"},\"image\":{\"@id\":\"https:\/\/cheast.online\/#\/schema\/logo\/image\/\"}},{\"@type\":\"WebSite\",\"@id\":\"https:\/\/cheast.online\/#website\",\"url\":\"https:\/\/cheast.online\/\",\"name\":\"CHEAST\",\"description\":\"Cheap | Easy | Fast\",\"publisher\":{\"@id\":\"https:\/\/cheast.online\/#organization\"},\"potentialAction\":[{\"@type\":\"SearchAction\",\"target\":{\"@type\":\"EntryPoint\",\"urlTemplate\":\"https:\/\/cheast.online\/?s={search_term_string}\"},\"query-input\":\"required name=search_term_string\"}],\"inLanguage\":\"en-US\"},{\"@type\":\"WebPage\",\"@id\":\"https:\/\/cheast.online\/home\/partner\/\",\"url\":\"https:\/\/cheast.online\/home\/partner\/\",\"name\":\"Cheast Partner -\u00a0Generiere Neukunden, ohne Ausgaben\",\"isPartOf\":{\"@id\":\"https:\/\/cheast.online\/#website\"},\"datePublished\":\"2021-02-14T12:37:15+00:00\",\"dateModified\":\"2022-07-01T11:00:19+00:00\",\"description\":\"Du willst Neukunden generieren und deine Ausgaben minimieren? Dann lass' uns deinen Laden mit schl\u00fcsselfertigem, hocheffizientem Marketing aufpeppen!\",\"breadcrumb\":{\"@id\":\"https:\/\/cheast.online\/home\/partner\/#breadcrumb\"},\"inLanguage\":\"en-US\",\"potentialAction\":[{\"@type\":\"ReadAction\",\"target\":[\"https:\/\/cheast.online\/home\/partner\/\"]}]},{\"@type\":\"BreadcrumbList\",\"@id\":\"https:\/\/cheast.online\/home\/partner\/#breadcrumb\",\"itemListElement\":[{\"@type\":\"ListItem\",\"position\":1,\"name\":\"Startseite\",\"item\":\"https:\/\/cheast.online\/\"},{\"@type\":\"ListItem\",\"position\":2,\"name\":\"CHEAST\",\"item\":\"https:\/\/cheast.online\/\"},{\"@type\":\"ListItem\",\"position\":3,\"name\":\"PARTNER\"}]}]}<\/script>\n<!-- \/ Yoast SEO plugin. -->","yoast_head_json":{"title":"Cheast Partner -\u00a0Generiere Neukunden, ohne Ausgaben","description":"Du willst Neukunden generieren und deine Ausgaben minimieren? Dann lass' uns deinen Laden mit schl\u00fcsselfertigem, hocheffizientem Marketing aufpeppen!","robots":{"index":"index","follow":"follow","max-snippet":"max-snippet:-1","max-image-preview":"max-image-preview:large","max-video-preview":"max-video-preview:-1"},"canonical":"https:\/\/cheast.online\/en\/home\/partner\/","og_locale":"en_US","og_type":"article","og_title":"Cheast Partner -\u00a0Generiere Neukunden, ohne Ausgaben","og_description":"Du willst Neukunden generieren und deine Ausgaben minimieren? Dann lass' uns deinen Laden mit schl\u00fcsselfertigem, hocheffizientem Marketing aufpeppen!","og_url":"https:\/\/cheast.online\/en\/home\/partner\/","og_site_name":"CHEAST","article_modified_time":"2022-07-01T11:00:19+00:00","og_image":[{"url":"https:\/\/cheast.online\/wp-content\/uploads\/2022\/03\/queu-1024x768.png"}],"twitter_card":"summary_large_image","twitter_misc":{"Est. reading time":"3 minutes"},"schema":{"@context":"https:\/\/schema.org","@graph":[{"@type":"Organization","@id":"https:\/\/cheast.online\/#organization","name":"CHEAST","url":"https:\/\/cheast.online\/","sameAs":["https:\/\/instagram.com\/cheast.online"],"logo":{"@type":"ImageObject","inLanguage":"en-US","@id":"https:\/\/cheast.online\/#\/schema\/logo\/image\/","url":"https:\/\/cheast.online\/wp-content\/uploads\/2021\/05\/cropped-cheast_only_dark-1.png","contentUrl":"https:\/\/cheast.online\/wp-content\/uploads\/2021\/05\/cropped-cheast_only_dark-1.png","width":500,"height":500,"caption":"CHEAST"},"image":{"@id":"https:\/\/cheast.online\/#\/schema\/logo\/image\/"}},{"@type":"WebSite","@id":"https:\/\/cheast.online\/#website","url":"https:\/\/cheast.online\/","name":"CHEAST","description":"Cheap | Easy | Fast","publisher":{"@id":"https:\/\/cheast.online\/#organization"},"potentialAction":[{"@type":"SearchAction","target":{"@type":"EntryPoint","urlTemplate":"https:\/\/cheast.online\/?s={search_term_string}"},"query-input":"required name=search_term_string"}],"inLanguage":"en-US"},{"@type":"WebPage","@id":"https:\/\/cheast.online\/home\/partner\/","url":"https:\/\/cheast.online\/home\/partner\/","name":"Cheast Partner -\u00a0Generiere Neukunden, ohne Ausgaben","isPartOf":{"@id":"https:\/\/cheast.online\/#website"},"datePublished":"2021-02-14T12:37:15+00:00","dateModified":"2022-07-01T11:00:19+00:00","description":"Du willst Neukunden generieren und deine Ausgaben minimieren? Dann lass' uns deinen Laden mit schl\u00fcsselfertigem, hocheffizientem Marketing aufpeppen!","breadcrumb":{"@id":"https:\/\/cheast.online\/home\/partner\/#breadcrumb"},"inLanguage":"en-US","potentialAction":[{"@type":"ReadAction","target":["https:\/\/cheast.online\/home\/partner\/"]}]},{"@type":"BreadcrumbList","@id":"https:\/\/cheast.online\/home\/partner\/#breadcrumb","itemListElement":[{"@type":"ListItem","position":1,"name":"Startseite","item":"https:\/\/cheast.online\/"},{"@type":"ListItem","position":2,"name":"CHEAST","item":"https:\/\/cheast.online\/"},{"@type":"ListItem","position":3,"name":"PARTNER"}]}]}},"_links":{"self":[{"href":"https:\/\/cheast.online\/en\/wp-json\/wp\/v2\/pages\/101"}],"collection":[{"href":"https:\/\/cheast.online\/en\/wp-json\/wp\/v2\/pages"}],"about":[{"href":"https:\/\/cheast.online\/en\/wp-json\/wp\/v2\/types\/page"}],"author":[{"embeddable":true,"href":"https:\/\/cheast.online\/en\/wp-json\/wp\/v2\/users\/1"}],"replies":[{"embeddable":true,"href":"https:\/\/cheast.online\/en\/wp-json\/wp\/v2\/comments?post=101"}],"version-history":[{"count":56,"href":"https:\/\/cheast.online\/en\/wp-json\/wp\/v2\/pages\/101\/revisions"}],"predecessor-version":[{"id":2173,"href":"https:\/\/cheast.online\/en\/wp-json\/wp\/v2\/pages\/101\/revisions\/2173"}],"up":[{"embeddable":true,"href":"https:\/\/cheast.online\/en\/wp-json\/wp\/v2\/pages\/96"}],"wp:attachment":[{"href":"https:\/\/cheast.online\/en\/wp-json\/wp\/v2\/media?parent=101"}],"curies":[{"name":"wp","href":"https:\/\/api.w.org\/{rel}","templated":true}]}}